{"id":931,"date":"2017-11-05T20:30:56","date_gmt":"2017-11-05T19:30:56","guid":{"rendered":"http:\/\/singuli-air.be\/?page_id=931"},"modified":"2025-08-25T15:18:46","modified_gmt":"2025-08-25T13:18:46","slug":"cours-individuels","status":"publish","type":"page","link":"https:\/\/singuli-air.be\/index.php\/cours-individuels\/","title":{"rendered":"cours individuels"},"content":{"rendered":"\n<p>Que ce soit pour \u00eatre accompagn\u00e9.e dans votre pratique avec une intention sp\u00e9cifique \u00e0 laquelle vous souhaitez vous d\u00e9dier, pour gagner en autonomie et d\u00e9velopper ainsi une pratique personnelle, ou simplement pour pratiquer \u00e0 un cr\u00e9neau qui n\u2019est pas propos\u00e9 en cours collectifs.<\/p>\n\n\n\n<p>Sur base d&rsquo;un entretien et d&rsquo;observations continues, je propose des exercices <strong>ajust\u00e9s \u00e0 vos capacit\u00e9s<\/strong>. Nous les testons directement afin de proc\u00e9der aux adaptations utiles Vous pratiquez \u00e0 domicile ces exercices que j&rsquo;aurai dessin\u00e9s sur une feuille, selon une p\u00e9riodicit\u00e9 que nous fixerons ensemble.<\/p>\n\n\n\n<p>Les rendez-vous ont une dur\u00e9e moyenne d\u2019une heure trente pour le premier, d\u2019une heure pour les suivants. Leur fr\u00e9quence est fix\u00e9e ensemble. Lors des rencontres suivantes, nous voyons ensemble comment les choses \u00e9voluent et je cr\u00e9e une nouvelle s\u00e9ance afin de vous permettre de progresser. <\/p>\n\n\n\n<p>Le prix d&rsquo;une s\u00e9ance individuelle est de 40 euros. Le paiement se fait en liquide ou par virement sur le compte de Terre Tendre BE59 1262 0797 3326.<\/p>\n\n\n\n<p>Nous pouvons entamer un travail ensemble, je vous laisse me contacter pour en discuter, je suis \u00e0 votre \u00e9coute <\/p>\n\n\n\n<div class=\"wp-block-buttons is-layout-flex wp-block-buttons-is-layout-flex\">\n<div class=\"wp-block-button is-style-outline is-style-outline--1\"><a class=\"wp-block-button__link has-pale-ocean-gradient-background has-background wp-element-button\" href=\"https:\/\/singuli-air.be\/index.php\/contact\/\">contactez moi<\/a><\/div>\n<\/div>\n","protected":false},"excerpt":{"rendered":"<p>Que ce soit pour \u00eatre accompagn\u00e9.e dans votre pratique avec une intention sp\u00e9cifique \u00e0 laquelle vous souhaitez vous d\u00e9dier, pour gagner en autonomie et d\u00e9velopper ainsi une pratique personnelle, ou simplement pour pratiquer \u00e0 un cr\u00e9neau qui n\u2019est pas propos\u00e9 en cours collectifs. Sur base d&rsquo;un entretien et d&rsquo;observations continues, je propose des exercices ajust\u00e9s [&hellip;]<\/p>\n","protected":false},"author":2,"featured_media":0,"parent":0,"menu_order":0,"comment_status":"closed","ping_status":"closed","template":"","meta":{"footnotes":""},"class_list":["post-931","page","type-page","status-publish","hentry"],"_links":{"self":[{"href":"https:\/\/singuli-air.be\/index.php\/wp-json\/wp\/v2\/pages\/931","targetHints":{"allow":["GET"]}}],"collection":[{"href":"https:\/\/singuli-air.be\/index.php\/wp-json\/wp\/v2\/pages"}],"about":[{"href":"https:\/\/singuli-air.be\/index.php\/wp-json\/wp\/v2\/types\/page"}],"author":[{"embeddable":true,"href":"https:\/\/singuli-air.be\/index.php\/wp-json\/wp\/v2\/users\/2"}],"replies":[{"embeddable":true,"href":"https:\/\/singuli-air.be\/index.php\/wp-json\/wp\/v2\/comments?post=931"}],"version-history":[{"count":16,"href":"https:\/\/singuli-air.be\/index.php\/wp-json\/wp\/v2\/pages\/931\/revisions"}],"predecessor-version":[{"id":2376,"href":"https:\/\/singuli-air.be\/index.php\/wp-json\/wp\/v2\/pages\/931\/revisions\/2376"}],"wp:attachment":[{"href":"https:\/\/singuli-air.be\/index.php\/wp-json\/wp\/v2\/media?parent=931"}],"curies":[{"name":"wp","href":"https:\/\/api.w.org\/{rel}","templated":true}]}}