{"id":274,"date":"2017-11-03T11:21:12","date_gmt":"2017-11-03T10:21:12","guid":{"rendered":"http:\/\/singuli-air.be\/?page_id=274"},"modified":"2017-11-03T11:31:11","modified_gmt":"2017-11-03T10:31:11","slug":"lien-vers-des-sites-apicoles","status":"publish","type":"page","link":"https:\/\/singuli-air.be\/index.php\/lien-vers-des-sites-apicoles\/","title":{"rendered":"Liens vers des sites apicoles"},"content":{"rendered":"<p>pour le plaisir des yeux, de belles photos sur le site d&rsquo;un photographe d&rsquo;abeilles, <strong>Le Peuple des Abeilles<\/strong> d&rsquo;Eric Tourneret, <span style=\"color: #000080;\"><em><a href=\"http:\/\/www.j-aime-les-abeilles.fr\/\" target=\"_blank\" rel=\"noopener\">j&rsquo;aime les abeilles<\/a><\/em><\/span><\/p>\n<p>&nbsp;<\/p>\n<p>Elles fascinent, questionnent, \u00e9merveillent et engagent l\u2019esprit autant que le corps de l\u2019apiculteur.<strong>\u00ab\u00a0Avec mes abeilles\u00a0\u00bb<\/strong>d&rsquo;Anne Burlot et Glenn Besnard (2016 &#8211; 52&prime;) : <a href=\"http:\/\/www.kubweb.media\/page\/burlot-besnard-avec-mes-abeilles\/\" target=\"_blank\" rel=\"noopener\"><span style=\"color: #000080;\">un film \u00e9mouvant<\/span> <\/a><\/p>\n<p>&nbsp;<\/p>\n<p>une s\u00e9rie de vid\u00e9os par un apiculteur professionnel en France film\u00e9es en partie au moyen d&rsquo;un drone, appuy\u00e9es par des morceaux de musique dynamiques :\u00a0 <span style=\"color: #000080;\"><a href=\"https:\/\/www.youtube.com\/channel\/UCduK0msE3WLOIum0A-Yn_RA\" target=\"_blank\" rel=\"noopener\"> gOAdee Apiculteur Pro<\/a><\/span><\/p>\n","protected":false},"excerpt":{"rendered":"<p>pour le plaisir des yeux, de belles photos sur le site d&rsquo;un photographe d&rsquo;abeilles, Le Peuple des Abeilles d&rsquo;Eric Tourneret, j&rsquo;aime les abeilles &nbsp; Elles fascinent, questionnent, \u00e9merveillent et engagent l\u2019esprit autant que le corps de l\u2019apiculteur.\u00ab\u00a0Avec mes abeilles\u00a0\u00bbd&rsquo;Anne Burlot et Glenn Besnard (2016 &#8211; 52&prime;) : un film \u00e9mouvant &nbsp; une s\u00e9rie de vid\u00e9os [&hellip;]<\/p>\n","protected":false},"author":2,"featured_media":239,"parent":0,"menu_order":0,"comment_status":"closed","ping_status":"closed","template":"","meta":{"footnotes":""},"class_list":["post-274","page","type-page","status-publish","has-post-thumbnail","hentry"],"_links":{"self":[{"href":"https:\/\/singuli-air.be\/index.php\/wp-json\/wp\/v2\/pages\/274","targetHints":{"allow":["GET"]}}],"collection":[{"href":"https:\/\/singuli-air.be\/index.php\/wp-json\/wp\/v2\/pages"}],"about":[{"href":"https:\/\/singuli-air.be\/index.php\/wp-json\/wp\/v2\/types\/page"}],"author":[{"embeddable":true,"href":"https:\/\/singuli-air.be\/index.php\/wp-json\/wp\/v2\/users\/2"}],"replies":[{"embeddable":true,"href":"https:\/\/singuli-air.be\/index.php\/wp-json\/wp\/v2\/comments?post=274"}],"version-history":[{"count":4,"href":"https:\/\/singuli-air.be\/index.php\/wp-json\/wp\/v2\/pages\/274\/revisions"}],"predecessor-version":[{"id":775,"href":"https:\/\/singuli-air.be\/index.php\/wp-json\/wp\/v2\/pages\/274\/revisions\/775"}],"wp:featuredmedia":[{"embeddable":true,"href":"https:\/\/singuli-air.be\/index.php\/wp-json\/wp\/v2\/media\/239"}],"wp:attachment":[{"href":"https:\/\/singuli-air.be\/index.php\/wp-json\/wp\/v2\/media?parent=274"}],"curies":[{"name":"wp","href":"https:\/\/api.w.org\/{rel}","templated":true}]}}