{"id":1931,"date":"2024-11-03T16:22:52","date_gmt":"2024-11-03T15:22:52","guid":{"rendered":"https:\/\/singuli-air.be\/?page_id=1931"},"modified":"2025-09-15T14:25:04","modified_gmt":"2025-09-15T12:25:04","slug":"cours-de-yoga-au-centre-ascendance","status":"publish","type":"page","link":"https:\/\/singuli-air.be\/index.php\/cours-de-yoga-au-centre-ascendance\/","title":{"rendered":"Y O G A    au Centre Ascendance"},"content":{"rendered":"\n<p class=\"has-vivid-red-color has-text-color has-link-color has-medium-font-size wp-elements-24d5cc7eae9500c2fc4948dba62bef2a\"><strong>Yoga sur chaise mardi 17h (hors vacances scolaires)<\/strong><\/p>\n\n\n\n<p><em>Le yoga, une m\u00e9thode ancestrale qui m\u00eale travail corporel, mental, respiratoire et m\u00e9ditatif, peut vous conduire vers un bien-\u00eatre profond.<\/em><\/p>\n\n\n\n<figure class=\"wp-block-image size-full\"><img loading=\"lazy\" decoding=\"async\" width=\"822\" height=\"960\" src=\"http:\/\/singuli-air.be\/wp-content\/uploads\/2025\/07\/pub-rentree-quievrain.jpg\" alt=\"\" class=\"wp-image-2269\" srcset=\"https:\/\/singuli-air.be\/wp-content\/uploads\/2025\/07\/pub-rentree-quievrain.jpg 822w, https:\/\/singuli-air.be\/wp-content\/uploads\/2025\/07\/pub-rentree-quievrain-257x300.jpg 257w, https:\/\/singuli-air.be\/wp-content\/uploads\/2025\/07\/pub-rentree-quievrain-768x897.jpg 768w\" sizes=\"auto, (max-width: 822px) 100vw, 822px\" \/><\/figure>\n\n\n\n<p>Ce cours est sp\u00e9cialement adapt\u00e9 aux personnes faisant face \u00e0 des probl\u00e8mes de sant\u00e9 qui limitent leur capacit\u00e9 \u00e0 pratiquer une activit\u00e9 physique classique. <br>Ce cours est accessible \u00e0 chacun.e et \u00e0 toutes les tranches d\u2019\u00e2ge, des jeunes adultes aux seniors, <br>&#8211; <mark style=\"background-color:rgba(0, 0, 0, 0)\" class=\"has-inline-color has-black-color\">qui souhaitent maintenir leur activit\u00e9 physique malgr\u00e9 des probl\u00e8mes de sant\u00e9 et <br>&#8211; qui sont d\u00e9sireuses d&rsquo;am\u00e9liorer ou entretenir leur mobilit\u00e9, leur posture et limiter les douleurs articulaires et musculaires.<\/mark><\/p>\n\n\n\n<p>Mon approche du yoga sur chaise se base sur l&rsquo;ancrage, la respiration, l&rsquo;adaptation, l&rsquo;\u00e9coute attentive et bienveillante, dans le respect des capacit\u00e9s et des limites du corps. <br>Cette pratique aide \u00e0 retrouver le plaisir de l&rsquo;effort de mani\u00e8re positive, \u00e0 renforcer la confiance en soi, tout en apportant des bienfaits globaux pour l&rsquo;\u00e9quilibre du corps et de l&rsquo;esprit.<\/p>\n\n\n\n<p>Dans la convivialit\u00e9 et la bonne humeur !<\/p>\n\n\n\n<p><\/p>\n\n\n\n<p class=\"has-vivid-red-color has-text-color has-link-color has-medium-font-size wp-elements-cd5cc73ba3bf706eebfa3b49307819a2\"><strong>Hatha Yoga mardi 18h15 (hors vacances scolaires)<\/strong><\/p>\n\n\n\n<p class=\"has-text-color has-link-color wp-elements-e0d0079f9660491458bad2aa9eb0b919\" style=\"color:#b107e3\"><strong>Le petit +<\/strong><\/p>\n\n\n\n<p>en petit groupe de six maximum, avec bienveillance, je vous guide dans une pratique \u00e0 la fois douce et stimulante<\/p>\n\n\n\n<p class=\"has-text-color has-link-color wp-elements-598c4d4a71a3a44458ecd39efae24f74\" style=\"color:#b107e3\"><strong>Quel yoga ?<\/strong><\/p>\n\n\n\n<p>une invitation \u00e0 se poser, \u00e0 respirer, \u00e0 s\u2019ouvrir \u00e0 plus vaste que nous.<br>60 minutes incluant une prise de conscience de la respiration, un \u00e9chauffement pour ouvrir les articulations et pr\u00e9parer les muscles et le corps, une combinaison harmonieuse de postures soutenues par la respiration favorisant force et souplesse; les postures sont propos\u00e9es avec des degr\u00e9s de difficult\u00e9 adaptables aux limites du corps, des exercices respiratoires, le chant OM.<\/p>\n\n\n\n<p class=\"has-text-color has-link-color wp-elements-83bd25a50afb937edd18f6a10113345a\" style=\"color:#b107e3\"><strong>Pour qui ?<\/strong><\/p>\n\n\n\n<p>D\u00e9butant.e.s ou confirm\u00e9.e.s, si vous \u00eates \u00e0 la recherche d\u2019une nouvelle pratique.<br>Toute personne stress\u00e9e, fatigu\u00e9e ou nerveuse, si vous voulez vous sentir mieux.<\/p>\n\n\n\n<p><strong>Inscription <\/strong><\/p>\n\n\n\n<p>Pour toute demande d&rsquo;inscription, je vous invite :<\/p>\n\n\n\n<ul class=\"wp-block-list\">\n<li>\u00e0 contacter directement le Centre Ascendance, soit par par t\u00e9l\u00e9phone +32 065 886 484 soit par Messenger<\/li>\n<\/ul>\n\n\n\n<p>Je suis disponible par t\u00e9l ou sms au +32 473 263 982 pour tout renseignement.<\/p>\n\n\n\n<p><strong>Adresse<\/strong><\/p>\n\n\n\n<p>place du Ballodrome 4 &#8211; 7380 Qui\u00e9vrain<br>acc\u00e8s voiture facile, parking gratuit, 1er \u00e9tage (sans ascenseur)<\/p>\n\n\n\n<p><strong>Tarif<\/strong><\/p>\n\n\n\n<ul class=\"wp-block-list\">\n<li>10 euros la s\u00e9ance<\/li>\n\n\n\n<li>90 euros l&rsquo;abonnement de 10 s\u00e9ances<\/li>\n<\/ul>\n\n\n\n<p>Le paiement se fait en liquide ou par virement sur le compte de Terre Tendre BE59 1262 0797 3326.<\/p>\n\n\n\n<p>Si votre mutuelle pr\u00e9voit une participation \u00e0 une activit\u00e9 sportive, vous pourrez apporter le formulaire pr\u00e9rempli avec vos coordonn\u00e9es.<\/p>\n\n\n\n<p><strong>Mat\u00e9riel<\/strong><\/p>\n\n\n\n<p>Au Centre de Mieux-\u00eatre Ascendance, chaise, tapis, brique et sangle sont disponibles sur place.<\/p>\n\n\n\n<p>Vous pouvez aussi amener votre propre mat\u00e9riel. Un coussin, une couverture, un essuie peuvent \u00eatre un plus.<\/p>\n\n\n\n<p>Tenue confortable conseill\u00e9e.<\/p>\n","protected":false},"excerpt":{"rendered":"<p>Yoga sur chaise mardi 17h (hors vacances scolaires) Le yoga, une m\u00e9thode ancestrale qui m\u00eale travail corporel, mental, respiratoire et m\u00e9ditatif, peut vous conduire vers un bien-\u00eatre profond. Ce cours est sp\u00e9cialement adapt\u00e9 aux personnes faisant face \u00e0 des probl\u00e8mes de sant\u00e9 qui limitent leur capacit\u00e9 \u00e0 pratiquer une activit\u00e9 physique classique. Ce cours est [&hellip;]<\/p>\n","protected":false},"author":2,"featured_media":0,"parent":0,"menu_order":0,"comment_status":"closed","ping_status":"closed","template":"","meta":{"footnotes":""},"class_list":["post-1931","page","type-page","status-publish","hentry"],"_links":{"self":[{"href":"https:\/\/singuli-air.be\/index.php\/wp-json\/wp\/v2\/pages\/1931","targetHints":{"allow":["GET"]}}],"collection":[{"href":"https:\/\/singuli-air.be\/index.php\/wp-json\/wp\/v2\/pages"}],"about":[{"href":"https:\/\/singuli-air.be\/index.php\/wp-json\/wp\/v2\/types\/page"}],"author":[{"embeddable":true,"href":"https:\/\/singuli-air.be\/index.php\/wp-json\/wp\/v2\/users\/2"}],"replies":[{"embeddable":true,"href":"https:\/\/singuli-air.be\/index.php\/wp-json\/wp\/v2\/comments?post=1931"}],"version-history":[{"count":14,"href":"https:\/\/singuli-air.be\/index.php\/wp-json\/wp\/v2\/pages\/1931\/revisions"}],"predecessor-version":[{"id":2411,"href":"https:\/\/singuli-air.be\/index.php\/wp-json\/wp\/v2\/pages\/1931\/revisions\/2411"}],"wp:attachment":[{"href":"https:\/\/singuli-air.be\/index.php\/wp-json\/wp\/v2\/media?parent=1931"}],"curies":[{"name":"wp","href":"https:\/\/api.w.org\/{rel}","templated":true}]}}