{"id":1255,"date":"2023-08-19T10:34:03","date_gmt":"2023-08-19T08:34:03","guid":{"rendered":"https:\/\/singuli-air.be\/?page_id=1255"},"modified":"2025-07-16T10:18:14","modified_gmt":"2025-07-16T08:18:14","slug":"cours-de-yoga-vie-feminine","status":"publish","type":"page","link":"https:\/\/singuli-air.be\/index.php\/cours-de-yoga-vie-feminine\/","title":{"rendered":"Y O G A  chez  Vie f\u00e9minine"},"content":{"rendered":"\n<p class=\"has-text-align-center has-vivid-red-color has-text-color has-link-color wp-elements-f8446baf8084f22af8a364c346f97d03\"><strong>Mercredi 19h30-20h30<\/strong><\/p>\n\n\n<div class=\"wp-block-image\">\n<figure class=\"aligncenter size-full\"><img loading=\"lazy\" decoding=\"async\" width=\"782\" height=\"655\" src=\"http:\/\/singuli-air.be\/wp-content\/uploads\/2025\/02\/pubVF2025.jpg\" alt=\"\" class=\"wp-image-2034\" srcset=\"https:\/\/singuli-air.be\/wp-content\/uploads\/2025\/02\/pubVF2025.jpg 782w, https:\/\/singuli-air.be\/wp-content\/uploads\/2025\/02\/pubVF2025-300x251.jpg 300w, https:\/\/singuli-air.be\/wp-content\/uploads\/2025\/02\/pubVF2025-768x643.jpg 768w\" sizes=\"auto, (max-width: 782px) 100vw, 782px\" \/><\/figure><\/div>\n\n\n<p><strong>Contact <\/strong><\/p>\n\n\n\n<p>Pour toute demande de renseignements ou de prise de rendez-vous, je vous invite \u00e0 contacter <\/p>\n\n\n\n<p>Genevi\u00e8ve Saerens par t\u00e9l\u00e9phone ou SMS +32 499 379 113<\/p>\n\n\n\n<p><\/p>\n\n\n\n<p><strong>Adresse <\/strong><\/p>\n\n\n\n<p>avenue de Loudun 126 \u00e0 Leuze-en-Hainaut<\/p>\n\n\n\n<p><\/p>\n\n\n\n<p><strong>Mat\u00e9riel<\/strong><\/p>\n\n\n\n<p>Des tapis sont disponibles sur place. Si vous le souhaitez, vous pouvez amener votre mat\u00e9riel, \u00e9galement un coussin et un plaid pour la relaxation, une ou deux briques de yoga et une sangle. <\/p>\n\n\n\n<p><\/p>\n","protected":false},"excerpt":{"rendered":"<p>Mercredi 19h30-20h30 Contact Pour toute demande de renseignements ou de prise de rendez-vous, je vous invite \u00e0 contacter Genevi\u00e8ve Saerens par t\u00e9l\u00e9phone ou SMS +32 499 379 113 Adresse avenue de Loudun 126 \u00e0 Leuze-en-Hainaut Mat\u00e9riel Des tapis sont disponibles sur place. Si vous le souhaitez, vous pouvez amener votre mat\u00e9riel, \u00e9galement un coussin et [&hellip;]<\/p>\n","protected":false},"author":2,"featured_media":0,"parent":0,"menu_order":0,"comment_status":"closed","ping_status":"closed","template":"","meta":{"footnotes":""},"class_list":["post-1255","page","type-page","status-publish","hentry"],"_links":{"self":[{"href":"https:\/\/singuli-air.be\/index.php\/wp-json\/wp\/v2\/pages\/1255","targetHints":{"allow":["GET"]}}],"collection":[{"href":"https:\/\/singuli-air.be\/index.php\/wp-json\/wp\/v2\/pages"}],"about":[{"href":"https:\/\/singuli-air.be\/index.php\/wp-json\/wp\/v2\/types\/page"}],"author":[{"embeddable":true,"href":"https:\/\/singuli-air.be\/index.php\/wp-json\/wp\/v2\/users\/2"}],"replies":[{"embeddable":true,"href":"https:\/\/singuli-air.be\/index.php\/wp-json\/wp\/v2\/comments?post=1255"}],"version-history":[{"count":10,"href":"https:\/\/singuli-air.be\/index.php\/wp-json\/wp\/v2\/pages\/1255\/revisions"}],"predecessor-version":[{"id":2225,"href":"https:\/\/singuli-air.be\/index.php\/wp-json\/wp\/v2\/pages\/1255\/revisions\/2225"}],"wp:attachment":[{"href":"https:\/\/singuli-air.be\/index.php\/wp-json\/wp\/v2\/media?parent=1255"}],"curies":[{"name":"wp","href":"https:\/\/api.w.org\/{rel}","templated":true}]}}