{"id":1223,"date":"2023-08-18T17:07:50","date_gmt":"2023-08-18T15:07:50","guid":{"rendered":"https:\/\/singuli-air.be\/?page_id=1223"},"modified":"2023-08-19T12:19:30","modified_gmt":"2023-08-19T10:19:30","slug":"autres-propositions","status":"publish","type":"page","link":"https:\/\/singuli-air.be\/index.php\/autres-propositions\/","title":{"rendered":"autres propositions"},"content":{"rendered":"\n<p><strong>Le yoga en entreprise,<\/strong><\/p>\n\n\n\n<p>un cadeau symbolique et efficace&nbsp;que la direction de l&rsquo;entreprise pourrait&nbsp;offrir \u00e0 son personnel pour r\u00e9duire le stress, maintenir l\u2019\u00e9nergie individuelle et (re)dynamiser l\u2019\u00e9nergie de groupe.&nbsp;Une s\u00e9ance de yoga sur le temps de midi ou en fin d&rsquo;apr\u00e8s-midi peut amener un bien-\u00eatre qui favorise la concentration et la cr\u00e9ativit\u00e9.<\/p>\n\n\n\n<p>Une enveloppe budg\u00e9taire consacr\u00e9e au bien-\u00eatre au travail est pr\u00e9vue et d\u00e9ductible fiscalement dans chaque entreprise. Proposez l\u2019id\u00e9e ainsi que mes coordonn\u00e9es, je me ferai un plaisir de vous offrir une s\u00e9ance d\u2019essai.<\/p>\n\n\n\n<hr class=\"wp-block-separator has-alpha-channel-opacity\"\/>\n\n\n\n<p><strong>Le yoga \u00e0 l&rsquo;\u00e9cole<\/strong> pour<\/p>\n\n\n\n<ul class=\"wp-block-list\">\n<li>amener<strong>&nbsp;du bien-\u00eatre aux enfants<\/strong><\/li>\n\n\n\n<li><strong>lib\u00e9rer leur imaginaire<\/strong>&nbsp;et leur cr\u00e9ativit\u00e9<\/li>\n\n\n\n<li>d\u00e9couvrir le corps et apaiser le mental via des contes, jeux, musique, \u2026<\/li>\n\n\n\n<li><strong>apprendre \u00e0 respirer en conscience<\/strong><\/li>\n\n\n\n<li>installer le retour au calme en classe<\/li>\n<\/ul>\n\n\n\n<hr class=\"wp-block-separator has-alpha-channel-opacity\"\/>\n\n\n\n<p><strong>Le yoga en maison de repos,<\/strong><\/p>\n\n\n\n<p>Tous les outils du yoga que sont les postures, les respirations, la m\u00e9ditation, <strong>sont b\u00e9n\u00e9fiques pour les personnes \u00e2g\u00e9es<\/strong>. La pratique prend de nombreuses formes diff\u00e9rentes. Il est donc tr\u00e8s facile d\u2019adapter le programme \u00e0 la motricit\u00e9 de chacun. Par exemple, il est possible de r\u00e9aliser certaines postures en \u00e9tant assis sur une chaise pour les personnes \u00e9prouvant des difficult\u00e9s \u00e0 rester debout trop longtemps. De m\u00eame, il est \u00e9galement possible de r\u00e9aliser des figures debout plut\u00f4t que de s\u2019allonger directement sur un tapis. <\/p>\n\n\n\n<hr class=\"wp-block-separator has-alpha-channel-opacity\"\/>\n\n\n\n<p><strong>Le yoga pour un EVJF ou un anniversaire<\/strong><\/p>\n\n\n\n<p>une activit\u00e9 zen en mode d\u00e9tente pour <strong>offrir \u00e0 sa meilleure amie<\/strong> l&rsquo;EVJF de ses r\u00eaves et\/ou un anniversaire original. On oublie donc les d\u00e9guisements et autres maquillages de mauvais go\u00fbt. On pense<strong> sant\u00e9<\/strong> et bien-\u00eatre. <\/p>\n\n\n\n<hr class=\"wp-block-separator has-alpha-channel-opacity\"\/>\n\n\n\n<p>Pour toute demande de renseignement, de devis ou de rendez-vous, je vous invite \u00e0 me contacter :<\/p>\n\n\n\n<ul class=\"wp-block-list\">\n<li>soit par mail fabienne.wyseur@laposte.net<\/li>\n\n\n\n<li>soit par t\u00e9l\u00e9phone +32 0473 263 982<\/li>\n<\/ul>\n","protected":false},"excerpt":{"rendered":"<p>Le yoga en entreprise, un cadeau symbolique et efficace&nbsp;que la direction de l&rsquo;entreprise pourrait&nbsp;offrir \u00e0 son personnel pour r\u00e9duire le stress, maintenir l\u2019\u00e9nergie individuelle et (re)dynamiser l\u2019\u00e9nergie de groupe.&nbsp;Une s\u00e9ance de yoga sur le temps de midi ou en fin d&rsquo;apr\u00e8s-midi peut amener un bien-\u00eatre qui favorise la concentration et la cr\u00e9ativit\u00e9. Une enveloppe budg\u00e9taire [&hellip;]<\/p>\n","protected":false},"author":2,"featured_media":0,"parent":0,"menu_order":0,"comment_status":"closed","ping_status":"closed","template":"","meta":{"footnotes":""},"class_list":["post-1223","page","type-page","status-publish","hentry"],"_links":{"self":[{"href":"https:\/\/singuli-air.be\/index.php\/wp-json\/wp\/v2\/pages\/1223","targetHints":{"allow":["GET"]}}],"collection":[{"href":"https:\/\/singuli-air.be\/index.php\/wp-json\/wp\/v2\/pages"}],"about":[{"href":"https:\/\/singuli-air.be\/index.php\/wp-json\/wp\/v2\/types\/page"}],"author":[{"embeddable":true,"href":"https:\/\/singuli-air.be\/index.php\/wp-json\/wp\/v2\/users\/2"}],"replies":[{"embeddable":true,"href":"https:\/\/singuli-air.be\/index.php\/wp-json\/wp\/v2\/comments?post=1223"}],"version-history":[{"count":5,"href":"https:\/\/singuli-air.be\/index.php\/wp-json\/wp\/v2\/pages\/1223\/revisions"}],"predecessor-version":[{"id":1301,"href":"https:\/\/singuli-air.be\/index.php\/wp-json\/wp\/v2\/pages\/1223\/revisions\/1301"}],"wp:attachment":[{"href":"https:\/\/singuli-air.be\/index.php\/wp-json\/wp\/v2\/media?parent=1223"}],"curies":[{"name":"wp","href":"https:\/\/api.w.org\/{rel}","templated":true}]}}