{"id":1198,"date":"2023-08-18T13:50:51","date_gmt":"2023-08-18T11:50:51","guid":{"rendered":"https:\/\/singuli-air.be\/?page_id=1198"},"modified":"2026-02-01T16:54:15","modified_gmt":"2026-02-01T15:54:15","slug":"cours-collectifs","status":"publish","type":"page","link":"https:\/\/singuli-air.be\/index.php\/cours-collectifs\/","title":{"rendered":"cours collectifs de yoga"},"content":{"rendered":"\n<figure class=\"wp-block-table is-style-stripes\"><table class=\"table table-hover\"><tbody><tr><td><\/td><td>Lundi<\/td><td>Mardi<\/td><td>Mercredi<\/td><td>Jeudi<\/td><\/tr><tr><td>9h-10h<\/td><td><\/td><td><\/td><td><a href=\"https:\/\/singuli-air.be\/index.php\/cours-de-yoga-au-zomaltitude\/\" data-type=\"page\" data-id=\"1264\">Zom&rsquo;Altitude<\/a><\/td><td><\/td><\/tr><tr><td>16h30-17h30<\/td><td><\/td><td><a href=\"https:\/\/singuli-air.be\/index.php\/appel-de-la-foret\/\" data-type=\"page\" data-id=\"1262\">Stambruges<\/a><\/td><td><\/td><td><\/td><\/tr><tr><td>16h50-18h<\/td><td><a href=\"https:\/\/singuli-air.be\/index.php\/cours-de-yoga-tourpes-sports\/\" data-type=\"page\" data-id=\"1258\">Tourpes Sports<\/a><\/td><td><\/td><td><\/td><td><\/td><\/tr><tr><td>17h45-18h45<\/td><td><\/td><td><a href=\"http:\/\/www.ascendance.be\/\">Qui\u00e9vrain<\/a><\/td><td><\/td><td><\/td><\/tr><tr><td>19h-20h<\/td><td><\/td><td><a href=\"http:\/\/www.ascendance.be\/\">Qui\u00e9vrain<\/a><\/td><td><\/td><td><\/td><\/tr><tr><td>18h30-19h30<\/td><td><a href=\"https:\/\/singuli-air.be\/index.php\/cours-de-yoga-au-zomaltitude\/\" data-type=\"page\" data-id=\"1264\">Zom&rsquo;Altitude<\/a><\/td><td><\/td><td><\/td><td><a href=\"https:\/\/singuli-air.be\/index.php\/cours-de-yoga-au-zomaltitude\/\" target=\"_blank\" rel=\"noreferrer noopener\">Zom&rsquo;Altitude<\/a><a href=\"https:\/\/singuli-air.be\/index.php\/cours-de-yoga-tourpes-sports\/\" data-type=\"page\" data-id=\"1258\"><\/a><\/td><\/tr><tr><td>19h15-20h15<\/td><td><\/td><td><\/td><td><a href=\"https:\/\/singuli-air.be\/index.php\/cours-de-yoga-vie-feminine\/\" data-type=\"page\" data-id=\"1255\">Vie f\u00e9minine<\/a><\/td><td><\/td><\/tr><\/tbody><\/table><\/figure>\n\n\n<div id=\"wpgmza_map\" class=\"wpgmza_map\" data-settings='{\"id\":\"1\",\"map_title\":\"map_cours_collectifs\",\"map_width\":\"100\",\"map_height\":\"400\",\"map_start_lat\":\"50.56367721608336\",\"map_start_lng\":\"3.6875191783212737\",\"map_start_location\":\"45.950464398418106,-109.81550500000003\",\"map_start_zoom\":\"11\",\"default_marker\":\"\",\"type\":\"1\",\"alignment\":\"4\",\"directions_enabled\":\"0\",\"styling_enabled\":\"0\",\"styling_json\":\"\",\"active\":\"0\",\"kml\":\"\",\"bicycle\":\"0\",\"traffic\":\"0\",\"dbox\":\"0\",\"dbox_width\":\"\",\"listmarkers\":\"0\",\"listmarkers_advanced\":\"0\",\"filterbycat\":\"0\",\"ugm_enabled\":\"0\",\"ugm_category_enabled\":\"0\",\"fusion\":\"\",\"map_width_type\":\"%\",\"map_height_type\":\"px\",\"mass_marker_support\":\"0\",\"ugm_access\":\"0\",\"order_markers_by\":\"0\",\"order_markers_choice\":\"0\",\"show_user_location\":\"0\",\"default_to\":\"\",\"other_settings\":{\"map_type\":1,\"sl_stroke_color\":\"\",\"sl_fill_color\":\"\",\"sl_stroke_opacity\":\"\",\"sl_fill_opacity\":\"\",\"transport_layer\":false,\"action\":\"wpgmza_save_map\",\"redirect_to\":\"\\\/wp-admin\\\/admin-post.php\",\"map_id\":\"1\",\"http_referer\":\"\\\/wp-admin\\\/admin.php?page=wp-google-maps-menu&amp;amp;action=edit&amp;amp;map_id=1\",\"wpgmza_id\":\"1\",\"wpgmza_start_location\":\"50.56367721608336,3.6875191783212737\",\"wpgmza_start_zoom\":\"11\",\"wpgmza_theme_data\":\"\",\"store_locator_enabled\":false,\"store_locator_search_area\":\"radial\",\"wpgmza_store_locator_radius_style\":\"legacy\",\"wpgmza_store_locator_default_radius\":\"10\",\"store_locator_auto_area_max_zoom\":\"\",\"store_locator_distance\":false,\"wpgmza_store_locator_position\":false,\"store_locator_show_distance\":false,\"store_locator_category\":false,\"wpgmza_store_locator_use_their_location\":false,\"wpgmza_store_locator_bounce\":false,\"wpgmza_sl_animation\":null,\"wpgmza_store_locator_hide_before_search\":false,\"store_locator_query_string\":\"\",\"store_locator_location_placeholder\":\"\",\"store_locator_default_address\":\"\",\"store_locator_name_search\":false,\"store_locator_name_string\":\"\",\"store_locator_not_found_message\":\"\",\"wpgmza_map_align\":\"1\",\"jump_to_nearest_marker_on_initialization\":false,\"automatically_pan_to_users_location\":false,\"override_users_location_zoom_level\":false,\"override_users_location_zoom_levels\":\"\",\"show_distance_from_location\":false,\"map_max_zoom\":\"21\",\"map_min_zoom\":\"0\",\"click_open_link\":false,\"fit_maps_bounds_to_markers\":false,\"fit_maps_bounds_to_markers_after_filtering\":false,\"hide_point_of_interest\":false,\"wpgmza_zoom_on_marker_click\":false,\"wpgmza_zoom_on_marker_click_slider\":\"\",\"close_infowindow_on_map_click\":false,\"disable_lightbox_images\":false,\"use_Raw_Jpeg_Coordinates\":false,\"polygon_labels\":false,\"disable_polygon_info_windows\":false,\"enable_marker_ratings\":false,\"only_load_markers_within_viewport\":false,\"iw_primary_color\":\"#000000\",\"iw_accent_color\":\"#000000\",\"iw_text_color\":\"#000000\",\"wpgmza_listmarkers_by\":\"0\",\"wpgmza_marker_listing_position\":false,\"wpgmza_push_in_map\":false,\"wpgmza_push_in_map_placement\":null,\"wpgmza_push_in_map_width\":\"\",\"wpgmza_push_in_map_height\":\"\",\"zoom_level_on_marker_listing_override\":false,\"zoom_level_on_marker_listing_click\":\"\",\"marker_listing_disable_zoom\":false,\"datatable_no_result_message\":\"\",\"remove_search_box_datables\":false,\"dataTable_pagination_style\":null,\"datatable_search_string\":\"\",\"datatable_result_start\":\"\",\"datatable_result_of\":\"\",\"datatable_result_to\":\"\",\"datatable_result_total\":\"\",\"datatable_result_show\":\"\",\"datatable_result_entries\":\"\",\"wpgmza_savemap\":\"Enregistrer la carte \\u00bb\"}}' data-map-id='1' Data-maps-engine='open-layers' data-shortcode-attributes='{\"id\":\"1\"}' style=\"display:block; overflow:auto; width:100%; height:400px; float:left;\"><\/div>\n\n\n\n<hr class=\"wp-block-separator has-alpha-channel-opacity\"\/>\n\n\n\n<div class=\"wp-block-group\"><div class=\"wp-block-group__inner-container is-layout-constrained wp-block-group-is-layout-constrained\">\n<p><strong><a href=\"https:\/\/singuli-air.be\/index.php\/cours-de-yoga-au-zomaltitude\/\" data-type=\"page\" data-id=\"1264\">Zom&rsquo;Altitude, rue du Faulx 2, Blicquy<\/a><\/strong><\/p>\n\n\n\n<p>Dans ce zome, nous \u00e9levons notre vibration !!! Cet espace polyvalent de 95 m\u00b2 a \u00e9t\u00e9 con\u00e7u en parfait accord avec les lieux. C&rsquo;est un zome 12, ce qui signifie que son \u00e9toile au sommet, toute vitr\u00e9e, poss\u00e8de 12 branches. Il est construit sur le nombre d&rsquo;or, nombre qui sous-tend toute la cr\u00e9ation et la beaut\u00e9. C&rsquo;est donc un ensemble de 12 spirales, comme les 12 brins de l\u2019ADN, qui s\u2019emm\u00ealent pour former un tout. L&rsquo;\u00e9nergie des zomes 12 est semblable \u00e0 celle des cath\u00e9drales. Sa sonorit\u00e9 et sa forme en font un lieu particulier. Sa vibration est tr\u00e8s \u00e9lev\u00e9e. Le simple fait d&rsquo;y p\u00e9n\u00e9trer nous aide \u00e0 nous ressourcer, nous poser.<\/p>\n\n\n\n<figure class=\"wp-block-gallery has-nested-images columns-default is-cropped wp-block-gallery-1 is-layout-flex wp-block-gallery-is-layout-flex\">\n<figure class=\"wp-block-image size-large\"><img loading=\"lazy\" decoding=\"async\" width=\"1024\" height=\"973\" data-id=\"1893\" src=\"https:\/\/singuli-air.be\/wp-content\/uploads\/2024\/11\/363347919_10160525037476067_832595042091077019_n-1024x973.jpg\" alt=\"\" class=\"wp-image-1893\" srcset=\"https:\/\/singuli-air.be\/wp-content\/uploads\/2024\/11\/363347919_10160525037476067_832595042091077019_n-1024x973.jpg 1024w, https:\/\/singuli-air.be\/wp-content\/uploads\/2024\/11\/363347919_10160525037476067_832595042091077019_n-300x285.jpg 300w, https:\/\/singuli-air.be\/wp-content\/uploads\/2024\/11\/363347919_10160525037476067_832595042091077019_n-768x730.jpg 768w, https:\/\/singuli-air.be\/wp-content\/uploads\/2024\/11\/363347919_10160525037476067_832595042091077019_n.jpg 1170w\" sizes=\"auto, (max-width: 1024px) 100vw, 1024px\" \/><\/figure>\n\n\n\n<figure class=\"wp-block-image size-large\"><img loading=\"lazy\" decoding=\"async\" width=\"640\" height=\"562\" data-id=\"1891\" src=\"https:\/\/singuli-air.be\/wp-content\/uploads\/2024\/11\/363770162_10160525023216067_1370492930288783032_n.jpg\" alt=\"\" class=\"wp-image-1891\" srcset=\"https:\/\/singuli-air.be\/wp-content\/uploads\/2024\/11\/363770162_10160525023216067_1370492930288783032_n.jpg 640w, https:\/\/singuli-air.be\/wp-content\/uploads\/2024\/11\/363770162_10160525023216067_1370492930288783032_n-300x263.jpg 300w\" sizes=\"auto, (max-width: 640px) 100vw, 640px\" \/><\/figure>\n<\/figure>\n\n\n\n<p><div class=\"leaflet-map WPLeafletMap\" style=\"height:250px; width:100%;\"><\/div><script>\nwindow.WPLeafletMapPlugin = window.WPLeafletMapPlugin || [];\nwindow.WPLeafletMapPlugin.push(function WPLeafletMapShortcode() {\/*<script>*\/\nvar baseUrl = atob('aHR0cHM6Ly97c30udGlsZS5vcGVuc3RyZWV0bWFwLm9yZy97en0ve3h9L3t5fS5wbmc=');\nvar base = (!baseUrl && window.MQ) ?\n    window.MQ.mapLayer() : L.tileLayer(baseUrl,\n        L.Util.extend({}, {\n            detectRetina: 0,\n        },\n        {\"subdomains\":\"abc\",\"noWrap\":false,\"maxZoom\":19}        )\n    );\n    var options = L.Util.extend({}, {\n        layers: [base],\n        attributionControl: false\n    },\n    {\"zoomControl\":true,\"scrollWheelZoom\":false,\"doubleClickZoom\":false,\"fitBounds\":false,\"minZoom\":0,\"maxZoom\":19,\"maxBounds\":null,\"attribution\":\"<a href=\\\"http:\\\/\\\/leafletjs.com\\\" title=\\\"Une biblioth\\u00e8que JS pour des cartes interactives\\\">Leaflet<\\\/a>; \\u00a9 <a href=\\\"http:\\\/\\\/www.openstreetmap.org\\\/copyright\\\">OpenStreetMap<\\\/a> contributeurs\"},\n    {});\nwindow.WPLeafletMapPlugin.createMap(options).setView([50.5863946,3.7009309],12);});<\/script><br><script>\nwindow.WPLeafletMapPlugin = window.WPLeafletMapPlugin || [];\nwindow.WPLeafletMapPlugin.push(function WPLeafletMarkerShortcode() {\/*<script>*\/\nvar map = window.WPLeafletMapPlugin.getCurrentMap();\nvar group = window.WPLeafletMapPlugin.getCurrentGroup();\nvar marker_options = window.WPLeafletMapPlugin.getIconOptions({});\nvar marker = L.marker(\n    [50.5863946,3.7009309],\n    marker_options\n);\nvar is_image = map.is_image_map;\nif (marker_options.draggable) {\n    marker.on('dragend', function () {\n        var latlng = this.getLatLng();\n        var lat = latlng.lat;\n        var lng = latlng.lng;\n        if (is_image) {\n            console.log('leaflet-marker y=' + lat + ' x=' + lng);\n        } else {\n            console.log('leaflet-marker lat=' + lat + ' lng=' + lng);\n        }\n    });\n}\nmarker.addTo( group );\nwindow.WPLeafletMapPlugin.markers.push( marker );\n        });<\/script><\/p>\n\n\n\n<p>lien vers la page Facebook<a href=\"https:\/\/www.facebook.com\/zomaltitude\"> du Zom&rsquo;Altitude<\/a><\/p>\n\n\n\n<hr class=\"wp-block-separator has-alpha-channel-opacity\"\/>\n\n\n\n<p><strong><a href=\"https:\/\/singuli-air.be\/index.php\/cours-de-yoga-au-centre-ascendance\/\" data-type=\"page\" data-id=\"1258\" target=\"_blank\" rel=\"noreferrer noopener\">Centre de Mieux-Etre Ascendance, place du Ballodrome, 4, Qui\u00e9vrain<\/a><\/strong> est un Centre de Mieux-\u00catre pluridisciplinaire regroupant une grande vari\u00e9t\u00e9 de sp\u00e9cialistes qui mettent leurs expertises et comp\u00e9tences au service du client afin que celui-ci puisse devenir la meilleure version de lui-m\u00eame : Yoga, Pilates, Shiatsu, Stretching, Ateliers th\u00e9matiques<\/p>\n\n\n\n<p><div class=\"leaflet-map WPLeafletMap\" style=\"height:250px; width:100%;\"><\/div><script>\nwindow.WPLeafletMapPlugin = window.WPLeafletMapPlugin || [];\nwindow.WPLeafletMapPlugin.push(function WPLeafletMapShortcode() {\/*<script>*\/\nvar baseUrl = atob('aHR0cHM6Ly97c30udGlsZS5vcGVuc3RyZWV0bWFwLm9yZy97en0ve3h9L3t5fS5wbmc=');\nvar base = (!baseUrl && window.MQ) ?\n    window.MQ.mapLayer() : L.tileLayer(baseUrl,\n        L.Util.extend({}, {\n            detectRetina: 0,\n        },\n        {\"subdomains\":\"abc\",\"noWrap\":false,\"maxZoom\":19}        )\n    );\n    var options = L.Util.extend({}, {\n        layers: [base],\n        attributionControl: false\n    },\n    {\"zoomControl\":true,\"scrollWheelZoom\":false,\"doubleClickZoom\":false,\"fitBounds\":false,\"minZoom\":0,\"maxZoom\":19,\"maxBounds\":null,\"attribution\":\"<a href=\\\"http:\\\/\\\/leafletjs.com\\\" title=\\\"Une biblioth\\u00e8que JS pour des cartes interactives\\\">Leaflet<\\\/a>; \\u00a9 <a href=\\\"http:\\\/\\\/www.openstreetmap.org\\\/copyright\\\">OpenStreetMap<\\\/a> contributeurs\"},\n    {});\nwindow.WPLeafletMapPlugin.createMap(options).setView([50.4055493,3.6844372723735],12);});<\/script><br><script>\nwindow.WPLeafletMapPlugin = window.WPLeafletMapPlugin || [];\nwindow.WPLeafletMapPlugin.push(function WPLeafletMarkerShortcode() {\/*<script>*\/\nvar map = window.WPLeafletMapPlugin.getCurrentMap();\nvar group = window.WPLeafletMapPlugin.getCurrentGroup();\nvar marker_options = window.WPLeafletMapPlugin.getIconOptions({});\nvar marker = L.marker(\n    [50.4055493,3.6844372723735],\n    marker_options\n);\nvar is_image = map.is_image_map;\nif (marker_options.draggable) {\n    marker.on('dragend', function () {\n        var latlng = this.getLatLng();\n        var lat = latlng.lat;\n        var lng = latlng.lng;\n        if (is_image) {\n            console.log('leaflet-marker y=' + lat + ' x=' + lng);\n        } else {\n            console.log('leaflet-marker lat=' + lat + ' lng=' + lng);\n        }\n    });\n}\nmarker.addTo( group );\nwindow.WPLeafletMapPlugin.markers.push( marker );\n        });<\/script><\/p>\n\n\n\n<p>lien vers la page Facebook de <a href=\"https:\/\/www.facebook.com\/CentredeMieuxEtreAscendance\" target=\"_blank\" rel=\"noreferrer noopener\">Centre de Mieux-Etre Ascendance<\/a><\/p>\n\n\n\n<hr class=\"wp-block-separator has-alpha-channel-opacity\"\/>\n\n\n\n<p><strong><a href=\"https:\/\/singuli-air.be\/index.php\/appel-de-la-foret\/\" data-type=\"page\" data-id=\"1262\" target=\"_blank\" rel=\"noreferrer noopener\">for\u00eat de Stambruges<\/a><\/strong><\/p>\n\n\n\n<p>L&rsquo;Appel de la for\u00eat, c&rsquo;est une balade <em>yogique<\/em> <strong>d&rsquo;une heure<\/strong>, une nouvelle invitation de retour \u00e0 soi pour chacun.e. <strong>Associer le yoga et la marche en for\u00eat<\/strong>, c&rsquo;est l&rsquo;alliance du souffle, du mouvement, de l&rsquo;immobilit\u00e9 et de l&rsquo;\u00e9coute. S&rsquo;arr\u00eater pour s&rsquo;\u00e9tirer et respirer en conscience donnera ensuite \u00e0 la marche beaucoup plus de pr\u00e9sence au corps et d&rsquo;apaisement au mental.<\/p>\n\n\n\n<p><div class=\"leaflet-map WPLeafletMap\" style=\"height:250px; width:100%;\"><\/div><script>\nwindow.WPLeafletMapPlugin = window.WPLeafletMapPlugin || [];\nwindow.WPLeafletMapPlugin.push(function WPLeafletMapShortcode() {\/*<script>*\/\nvar baseUrl = atob('aHR0cHM6Ly97c30udGlsZS5vcGVuc3RyZWV0bWFwLm9yZy97en0ve3h9L3t5fS5wbmc=');\nvar base = (!baseUrl && window.MQ) ?\n    window.MQ.mapLayer() : L.tileLayer(baseUrl,\n        L.Util.extend({}, {\n            detectRetina: 0,\n        },\n        {\"subdomains\":\"abc\",\"noWrap\":false,\"maxZoom\":19}        )\n    );\n    var options = L.Util.extend({}, {\n        layers: [base],\n        attributionControl: false\n    },\n    {\"zoomControl\":true,\"scrollWheelZoom\":false,\"doubleClickZoom\":false,\"fitBounds\":false,\"minZoom\":0,\"maxZoom\":19,\"maxBounds\":null,\"attribution\":\"<a href=\\\"http:\\\/\\\/leafletjs.com\\\" title=\\\"Une biblioth\\u00e8que JS pour des cartes interactives\\\">Leaflet<\\\/a>; \\u00a9 <a href=\\\"http:\\\/\\\/www.openstreetmap.org\\\/copyright\\\">OpenStreetMap<\\\/a> contributeurs\"},\n    {});\nwindow.WPLeafletMapPlugin.createMap(options).setView([50.5040427,3.7326149207027],12);});<\/script><br><script>\nwindow.WPLeafletMapPlugin = window.WPLeafletMapPlugin || [];\nwindow.WPLeafletMapPlugin.push(function WPLeafletMarkerShortcode() {\/*<script>*\/\nvar map = window.WPLeafletMapPlugin.getCurrentMap();\nvar group = window.WPLeafletMapPlugin.getCurrentGroup();\nvar marker_options = window.WPLeafletMapPlugin.getIconOptions({});\nvar marker = L.marker(\n    [50.5040427,3.7326149207027],\n    marker_options\n);\nvar is_image = map.is_image_map;\nif (marker_options.draggable) {\n    marker.on('dragend', function () {\n        var latlng = this.getLatLng();\n        var lat = latlng.lat;\n        var lng = latlng.lng;\n        if (is_image) {\n            console.log('leaflet-marker y=' + lat + ' x=' + lng);\n        } else {\n            console.log('leaflet-marker lat=' + lat + ' lng=' + lng);\n        }\n    });\n}\nmarker.addTo( group );\nwindow.WPLeafletMapPlugin.markers.push( marker );\n        });<\/script><\/p>\n\n\n\n<hr class=\"wp-block-separator has-alpha-channel-opacity\"\/>\n\n\n\n<p><strong><a href=\"https:\/\/singuli-air.be\/index.php\/cours-de-yoga-tourpes-sports\/\" data-type=\"page\" data-id=\"1258\">Tourpes Sports<\/a><\/strong> est une association familiale et dynamique, au c\u0153ur d&rsquo;un village chaleureux. Nous y pratiquons dans une ambiance conviviale et cordiale, avec des professeurs qualifi\u00e9s, parmi une large gamme de disciplines, et \u00e0 des prix plus que d\u00e9mocratiques !! Danse, gymnastique, judo, psychomotricit\u00e9 et yoga . lien vers la page facebook de <a href=\"https:\/\/www.facebook.com\/groups\/613128502103716\/?hoisted_section_header_type=recently_seen&amp;multi_permalinks=6462799200469921\">Tourpes Sports<\/a><\/p>\n\n\n\n<p><div class=\"leaflet-map WPLeafletMap\" style=\"height:250px; width:100%;\"><\/div><script>\nwindow.WPLeafletMapPlugin = window.WPLeafletMapPlugin || [];\nwindow.WPLeafletMapPlugin.push(function WPLeafletMapShortcode() {\/*<script>*\/\nvar baseUrl = atob('aHR0cHM6Ly97c30udGlsZS5vcGVuc3RyZWV0bWFwLm9yZy97en0ve3h9L3t5fS5wbmc=');\nvar base = (!baseUrl && window.MQ) ?\n    window.MQ.mapLayer() : L.tileLayer(baseUrl,\n        L.Util.extend({}, {\n            detectRetina: 0,\n        },\n        {\"subdomains\":\"abc\",\"noWrap\":false,\"maxZoom\":19}        )\n    );\n    var options = L.Util.extend({}, {\n        layers: [base],\n        attributionControl: false\n    },\n    {\"zoomControl\":true,\"scrollWheelZoom\":false,\"doubleClickZoom\":false,\"fitBounds\":false,\"minZoom\":0,\"maxZoom\":19,\"maxBounds\":null,\"attribution\":\"<a href=\\\"http:\\\/\\\/leafletjs.com\\\" title=\\\"Une biblioth\\u00e8que JS pour des cartes interactives\\\">Leaflet<\\\/a>; \\u00a9 <a href=\\\"http:\\\/\\\/www.openstreetmap.org\\\/copyright\\\">OpenStreetMap<\\\/a> contributeurs\"},\n    {});\nwindow.WPLeafletMapPlugin.createMap(options).setView([50.570281,3.6524754],12);});<\/script><br><script>\nwindow.WPLeafletMapPlugin = window.WPLeafletMapPlugin || [];\nwindow.WPLeafletMapPlugin.push(function WPLeafletMarkerShortcode() {\/*<script>*\/\nvar map = window.WPLeafletMapPlugin.getCurrentMap();\nvar group = window.WPLeafletMapPlugin.getCurrentGroup();\nvar marker_options = window.WPLeafletMapPlugin.getIconOptions({});\nvar marker = L.marker(\n    [50.570281,3.6524754],\n    marker_options\n);\nvar is_image = map.is_image_map;\nif (marker_options.draggable) {\n    marker.on('dragend', function () {\n        var latlng = this.getLatLng();\n        var lat = latlng.lat;\n        var lng = latlng.lng;\n        if (is_image) {\n            console.log('leaflet-marker y=' + lat + ' x=' + lng);\n        } else {\n            console.log('leaflet-marker lat=' + lat + ' lng=' + lng);\n        }\n    });\n}\nmarker.addTo( group );\nwindow.WPLeafletMapPlugin.markers.push( marker );\n        });<\/script><\/p>\n\n\n\n<hr class=\"wp-block-separator has-alpha-channel-opacity\"\/>\n\n\n\n<p><strong><a href=\"https:\/\/singuli-air.be\/index.php\/cours-de-yoga-vie-feminine\/\" data-type=\"page\" data-id=\"1255\">Vie f\u00e9minine<\/a><\/strong> est un mouvement d&rsquo;\u00e9ducation permanente f\u00e9ministe. Le cours de yoga y a toute sa place, il permet de cr\u00e9er du lien, depuis 1999, en soutenant les femmes de Leuze et des environs, dans le d\u00e9veloppement de th\u00e8mes vari\u00e9s dont la sant\u00e9.  <\/p>\n\n\n\n<p><a href=\"http:\/\/viefeminine.be\/\">lien vers le site internet de Vie f\u00e9minine<\/a> <\/p>\n\n\n\n<p><div class=\"leaflet-map WPLeafletMap\" style=\"height:250px; width:100%;\"><\/div><script>\nwindow.WPLeafletMapPlugin = window.WPLeafletMapPlugin || [];\nwindow.WPLeafletMapPlugin.push(function WPLeafletMapShortcode() {\/*<script>*\/\nvar baseUrl = atob('aHR0cHM6Ly97c30udGlsZS5vcGVuc3RyZWV0bWFwLm9yZy97en0ve3h9L3t5fS5wbmc=');\nvar base = (!baseUrl && window.MQ) ?\n    window.MQ.mapLayer() : L.tileLayer(baseUrl,\n        L.Util.extend({}, {\n            detectRetina: 0,\n        },\n        {\"subdomains\":\"abc\",\"noWrap\":false,\"maxZoom\":19}        )\n    );\n    var options = L.Util.extend({}, {\n        layers: [base],\n        attributionControl: false\n    },\n    {\"zoomControl\":true,\"scrollWheelZoom\":false,\"doubleClickZoom\":false,\"fitBounds\":false,\"minZoom\":0,\"maxZoom\":19,\"maxBounds\":null,\"attribution\":\"<a href=\\\"http:\\\/\\\/leafletjs.com\\\" title=\\\"Une biblioth\\u00e8que JS pour des cartes interactives\\\">Leaflet<\\\/a>; \\u00a9 <a href=\\\"http:\\\/\\\/www.openstreetmap.org\\\/copyright\\\">OpenStreetMap<\\\/a> contributeurs\"},\n    {});\nwindow.WPLeafletMapPlugin.createMap(options).setView([50.5845475,3.6191706],12);});<\/script><br><script>\nwindow.WPLeafletMapPlugin = window.WPLeafletMapPlugin || [];\nwindow.WPLeafletMapPlugin.push(function WPLeafletMarkerShortcode() {\/*<script>*\/\nvar map = window.WPLeafletMapPlugin.getCurrentMap();\nvar group = window.WPLeafletMapPlugin.getCurrentGroup();\nvar marker_options = window.WPLeafletMapPlugin.getIconOptions({});\nvar marker = L.marker(\n    [50.5845475,3.6191706],\n    marker_options\n);\nvar is_image = map.is_image_map;\nif (marker_options.draggable) {\n    marker.on('dragend', function () {\n        var latlng = this.getLatLng();\n        var lat = latlng.lat;\n        var lng = latlng.lng;\n        if (is_image) {\n            console.log('leaflet-marker y=' + lat + ' x=' + lng);\n        } else {\n            console.log('leaflet-marker lat=' + lat + ' lng=' + lng);\n        }\n    });\n}\nmarker.addTo( group );\nwindow.WPLeafletMapPlugin.markers.push( marker );\n        });<\/script><\/p>\n\n\n\n<hr class=\"wp-block-separator has-alpha-channel-opacity\"\/>\n<\/div><\/div>\n","protected":false},"excerpt":{"rendered":"<p>Lundi Mardi Mercredi Jeudi 9h-10h Zom&rsquo;Altitude 16h30-17h30 Stambruges 16h50-18h Tourpes Sports 17h45-18h45 Qui\u00e9vrain 19h-20h Qui\u00e9vrain 18h30-19h30 Zom&rsquo;Altitude Zom&rsquo;Altitude 19h15-20h15 Vie f\u00e9minine Zom&rsquo;Altitude, rue du Faulx 2, Blicquy Dans ce zome, nous \u00e9levons notre vibration !!! Cet espace polyvalent de 95 m\u00b2 a \u00e9t\u00e9 con\u00e7u en parfait accord avec les lieux. C&rsquo;est un zome 12, ce [&hellip;]<\/p>\n","protected":false},"author":2,"featured_media":0,"parent":0,"menu_order":0,"comment_status":"closed","ping_status":"closed","template":"","meta":{"footnotes":""},"class_list":["post-1198","page","type-page","status-publish","hentry"],"_links":{"self":[{"href":"https:\/\/singuli-air.be\/index.php\/wp-json\/wp\/v2\/pages\/1198","targetHints":{"allow":["GET"]}}],"collection":[{"href":"https:\/\/singuli-air.be\/index.php\/wp-json\/wp\/v2\/pages"}],"about":[{"href":"https:\/\/singuli-air.be\/index.php\/wp-json\/wp\/v2\/types\/page"}],"author":[{"embeddable":true,"href":"https:\/\/singuli-air.be\/index.php\/wp-json\/wp\/v2\/users\/2"}],"replies":[{"embeddable":true,"href":"https:\/\/singuli-air.be\/index.php\/wp-json\/wp\/v2\/comments?post=1198"}],"version-history":[{"count":41,"href":"https:\/\/singuli-air.be\/index.php\/wp-json\/wp\/v2\/pages\/1198\/revisions"}],"predecessor-version":[{"id":2341,"href":"https:\/\/singuli-air.be\/index.php\/wp-json\/wp\/v2\/pages\/1198\/revisions\/2341"}],"wp:attachment":[{"href":"https:\/\/singuli-air.be\/index.php\/wp-json\/wp\/v2\/media?parent=1198"}],"curies":[{"name":"wp","href":"https:\/\/api.w.org\/{rel}","templated":true}]}}